{"id":773,"date":"2021-03-20T15:13:17","date_gmt":"2021-03-20T18:13:17","guid":{"rendered":"http:\/\/www.dewcomputing.org\/?page_id=773"},"modified":"2022-01-17T17:45:46","modified_gmt":"2022-01-17T21:45:46","slug":"dewcom-2021","status":"publish","type":"page","link":"http:\/\/www.dewcomputing.org\/index.php\/dewcom-2021\/","title":{"rendered":"DEWCOM 2021"},"content":{"rendered":"<div class=\"post-content\">\n<div class=\"fusion-fullwidth fullwidth-box fusion-builder-row-1 nonhundred-percent-fullwidth non-hundred-percent-height-scrolling\">\n<div class=\"fusion-builder-row fusion-row\">\n<div class=\"fusion-layout-column fusion_builder_column fusion-builder-column-0 fusion_builder_column_2_3 2_3 fusion-two-third fusion-column-first\">\n<div class=\"fusion-column-wrapper fusion-flex-column-wrapper-legacy\">\n<div class=\"fusion-text fusion-text-1\">\n<div class=\"fusion-text\">\n<h2 class=\"fusion-responsive-typography-calculated\" style=\"text-align: center;\" data-fontsize=\"30\" data-lineheight=\"45px\">The 6th International Workshop on Dew Computing<\/h2>\n<h5 style=\"text-align: center;\">(July 12-16, 2021, 2020,\u00a0 Online)<\/h5>\n<h3 class=\"fusion-responsive-typography-calculated\" data-fontsize=\"20\" data-lineheight=\"30px\">Call for Papers<\/h3>\n<hr \/>\n<p>Dew Computing is a new post-cloud computing model appeared in 2015. While cloud computing uses centralized servers to provide various services, dew computing uses on-premises computers to provide decentralized, cloud-friendly, and collaborative services to end-users. The key features of Dew computing are that on-premises computers provide functionality independent of cloud services and they also collaborate with cloud services. Brie\ufb02y speaking, dew computing is an organized way of using local computers in the age of cloud computing.<br \/>\nIEEE DewCom intends to gather the latest research and development results on Dew Computing paradigm. It seeks original contributions, which demonstrate the theoretical and practical progress of Dew Computing, as well as implementation experiences from researchers in the area of Dew Computing, including but not limited to the following topics:<\/p>\n<ul>\n<li>Low End Distributed Systems<\/li>\n<li>Dew Computing Theory and Vision<\/li>\n<li>Dew Computing Structure and Architecture<\/li>\n<li>Dew, Cloud and Fog Computing integration and\/or interrelation<\/li>\n<li>Dew Computing and IoT, Ubiquitous Computing<\/li>\n<li>Dew Computing and Databases<\/li>\n<li>Dew Computing and Networks<\/li>\n<li>Dew Computing\u00a0 Protocols and Security<\/li>\n<li>Dew Computing Applications<\/li>\n<\/ul>\n<\/div>\n<\/div>\n<div class=\"fusion-text fusion-text-2\">\n<h4 class=\"fusion-responsive-typography-calculated\" data-fontsize=\"20\" data-lineheight=\"30px\">Important Dates<\/h4>\n<hr \/>\n<p>Workshop papers due: 1 May 2021<\/p>\n<p>Workshop paper notifications: 15 May 2021<\/p>\n<p>Camera-ready and registration due: 31 May 2021<\/p>\n<hr \/>\n<p>Authors are invited to submit original, unpublished research work, as well as industrial practice reports. <span lang=\"EN-US\">Simultaneous submission to other publication venues is not permitted.\u00a0 <\/span>In accordance with IEEE policy, submitted manuscripts will be checked for plagiarism. Instances of alleged misconduct will be handled according to the IEEE Publication Services and Product Board Operations Manual.<\/p>\n<p>DEWCOM 2021 will be held together with COMPSAC 2021. The following link is DEWCOM 2021&#8217;s CFP page in COMPSAC 2021:<\/p>\n<p><a href=\"https:\/\/ieeecompsac.computer.org\/2021\/dewcom\/\">https:\/\/ieeecompsac.computer.org\/2021\/dewcom\/<\/a><\/p>\n<p>Please note that in order to ensure the fairness of the review process, COMPSAC follows the double-blind review procedure. Therefore we kindly ask authors to remove their names, affiliations and contacts from the header of their papers in the review version. Please also redact all references to authors\u2019 names, affiliations or prior works from the paper when submitting papers for review. Once accepted, authors can then include their names, affiliations and contacts in the camera-ready revision of the paper, and put the references to their prior works back.<\/p>\n<h4 class=\"fusion-responsive-typography-calculated\" data-fontsize=\"20\" data-lineheight=\"30px\">Formatting<\/h4>\n<hr \/>\n<p>Workshop papers are limited to 6 pages. Page limits are inclusive of tables, figures, appendices, and references. Workshop papers can add an additional 2 pages with additional page charges ($250USD\/page).<\/p>\n<h4 class=\"fusion-responsive-typography-calculated\" data-fontsize=\"20\" data-lineheight=\"30px\">Paper Templates<\/h4>\n<hr \/>\n<p><strong><a href=\"https:\/\/www.ieee.org\/conferences_events\/conferences\/publishing\/templates.html\" target=\"_blank\" rel=\"noopener noreferrer\">IEEE Paper templates<\/a><\/strong> are available in MS Word 2003 and LaTex. All submissions must use US 8.5\u00d711 letter page format.<\/p>\n<\/div>\n<div class=\"fusion-clearfix\"><\/div>\n<\/div>\n<\/div>\n<div class=\"fusion-layout-column fusion_builder_column fusion-builder-column-1 fusion_builder_column_1_3 1_3 fusion-one-third fusion-column-last\">\n<div class=\"fusion-column-wrapper fusion-flex-column-wrapper-legacy\">\n<div class=\"fusion-align-block\"><a class=\"fusion-button button-flat button-xlarge button-orange button-1 fusion-button-span-yes fusion-button-default-type\" href=\"https:\/\/easychair.org\/my\/conference?conf=compsac2021\" target=\"_blank\" rel=\"noopener noreferrer\"><span class=\"fusion-button-text\">EasyChair &#8211; Paper Submission Site<\/span><\/a><\/div>\n<div class=\"fusion-text fusion-text-3\">\n<h4 class=\"fusion-responsive-typography-calculated\" data-fontsize=\"20\" data-lineheight=\"30px\">Workshop Organizers<\/h4>\n<hr \/>\n<p>Karolj Skala, Ru\u0111er Bo\u0161kovi\u0107 Institute, Croatia<br \/>\nE-Mail: <a href=\"mailto:skala@irb.hr\">skala@irb.hr<\/a><\/p>\n<p>Zorislav Sojat, \u00a0Ru\u0111er Bo\u0161kovi\u0107 Institute, Croatia<br \/>\nE-Mail: <a href=\"mailto:sojat@irb.hr\">sojat@irb.hr<\/a><\/p>\n<h4 class=\"fusion-responsive-typography-calculated\" data-fontsize=\"20\" data-lineheight=\"30px\">Program Committee<\/h4>\n<hr \/>\n<p>Debashis De, Maulana Abul Kalam Azad University of Technology, West Bengal, India (vice-chair)<\/p>\n<p>Ralph Deters, University of Saskatchewan, Canada<\/p>\n<p>Marjan Gushev, Ss. Cyril and Methodius University, Macedonia (vice-chair)<\/p>\n<p>Yi Pan, Georgia State University, USA<\/p>\n<p>Partha Pratim Ray, Sikkim University, India<\/p>\n<p>Karolj Skala, Ru\u0111er Bo\u0161kovi\u0107 Institute, Croatia (chair)<\/p>\n<p>Ruppa Thulasiram, University of Manitoba, Canada<\/p>\n<p>Yingwei Wang, University of Prince Edward Island, Canada<\/p>\n<p>Shuhui Yang, Purdue University Northwest, USA (vice-chair)<\/p>\n<\/div>\n<\/div>\n<\/div>\n<\/div>\n<\/div>\n<\/div>\n","protected":false},"excerpt":{"rendered":"<p> The 6th International Workshop on Dew Computing (July 12-16, 2021, 2020, Online) Call for Papers <\/p>\n<p>Dew Computing is a new post-cloud computing model appeared in 2015. While cloud computing uses centralized servers to provide various services, dew computing uses on-premises computers to provide decentralized, cloud-friendly, and collaborative services to end-users. The key features of [&#8230;]<\/p>\n","protected":false},"author":2,"featured_media":0,"parent":0,"menu_order":11,"comment_status":"closed","ping_status":"closed","template":"","meta":[],"_links":{"self":[{"href":"http:\/\/www.dewcomputing.org\/index.php\/wp-json\/wp\/v2\/pages\/773"}],"collection":[{"href":"http:\/\/www.dewcomputing.org\/index.php\/wp-json\/wp\/v2\/pages"}],"about":[{"href":"http:\/\/www.dewcomputing.org\/index.php\/wp-json\/wp\/v2\/types\/page"}],"author":[{"embeddable":true,"href":"http:\/\/www.dewcomputing.org\/index.php\/wp-json\/wp\/v2\/users\/2"}],"replies":[{"embeddable":true,"href":"http:\/\/www.dewcomputing.org\/index.php\/wp-json\/wp\/v2\/comments?post=773"}],"version-history":[{"count":7,"href":"http:\/\/www.dewcomputing.org\/index.php\/wp-json\/wp\/v2\/pages\/773\/revisions"}],"predecessor-version":[{"id":806,"href":"http:\/\/www.dewcomputing.org\/index.php\/wp-json\/wp\/v2\/pages\/773\/revisions\/806"}],"wp:attachment":[{"href":"http:\/\/www.dewcomputing.org\/index.php\/wp-json\/wp\/v2\/media?parent=773"}],"curies":[{"name":"wp","href":"https:\/\/api.w.org\/{rel}","templated":true}]}}